{"id":138,"date":"2025-10-24T19:29:32","date_gmt":"2025-10-24T19:29:32","guid":{"rendered":"https:\/\/162.edukovac.xyz\/?page_id=138"},"modified":"2025-11-03T20:51:15","modified_gmt":"2025-11-03T20:51:15","slug":"zen-cookies-beograd-kontakt","status":"publish","type":"page","link":"https:\/\/162.edukovac.xyz\/index.php\/zen-cookies-beograd-kontakt\/","title":{"rendered":"Kontakt"},"content":{"rendered":"\n[et_pb_section fb_built=&#8221;1&#8243; admin_label=&#8221;Header&#8221; _builder_version=&#8221;4.16&#8243; _module_preset=&#8221;default&#8221; background_color=&#8221;#F8F7F1&#8243; background_image=&#8221;https:\/\/162.edukovac.xyz\/wp-content\/uploads\/2025\/10\/homemade-cookies-023.png&#8221; parallax=&#8221;on&#8221; parallax_method=&#8221;off&#8221; global_colors_info=&#8221;{}&#8221;][et_pb_row _builder_version=&#8221;4.16&#8243; _module_preset=&#8221;default&#8221; global_colors_info=&#8221;{}&#8221;][et_pb_column type=&#8221;4_4&#8243; _builder_version=&#8221;4.16&#8243; _module_preset=&#8221;default&#8221; global_colors_info=&#8221;{}&#8221;][et_pb_text _builder_version=&#8221;4.16&#8243; _module_preset=&#8221;77bd6224-541c-4dfa-aa0c-4832456a9557&#8243; header_font=&#8221;Berkshire Swash||||||||&#8221; header_text_color=&#8221;#000000&#8243; header_font_size=&#8221;100px&#8221; header_font_size_tablet=&#8221;50px&#8221; header_font_size_phone=&#8221;28px&#8221; header_font_size_last_edited=&#8221;on|phone&#8221; locked=&#8221;off&#8221; global_colors_info=&#8221;{}&#8221;]<h1>Kontaktiraje nas<\/h1>[\/et_pb_text][\/et_pb_column][\/et_pb_row][et_pb_row column_structure=&#8221;2_5,3_5&#8243; use_custom_gutter=&#8221;on&#8221; gutter_width=&#8221;4&#8243; _builder_version=&#8221;4.16&#8243; _module_preset=&#8221;default&#8221; locked=&#8221;off&#8221; global_colors_info=&#8221;{}&#8221;][et_pb_column type=&#8221;2_5&#8243; _builder_version=&#8221;4.16&#8243; _module_preset=&#8221;default&#8221; global_colors_info=&#8221;{}&#8221;][et_pb_blurb title=&#8221;Adresa&#8221; use_icon=&#8221;on&#8221; font_icon=&#8221;&#xf21d;||fa||900&#8243; icon_color=&#8221;#E02B20&#8243; icon_placement=&#8221;left&#8221; content_max_width=&#8221;100%&#8221; _builder_version=&#8221;4.16&#8243; _module_preset=&#8221;344bc1af-019a-4436-916e-103cfef8575f&#8221; header_level=&#8221;h3&#8243; header_font=&#8221;Quicksand|700|||||||&#8221; header_text_color=&#8221;#000000&#8243; header_font_size=&#8221;33px&#8221; header_line_height=&#8221;1.4em&#8221; body_font=&#8221;Quicksand|700|||||||&#8221; body_text_color=&#8221;#000000&#8243; body_font_size=&#8221;23px&#8221; body_line_height=&#8221;1.6em&#8221; animation=&#8221;off&#8221; header_font_size_tablet=&#8221;18px&#8221; header_font_size_phone=&#8221;16px&#8221; header_font_size_last_edited=&#8221;on|phone&#8221; locked=&#8221;off&#8221; global_colors_info=&#8221;{%22gcid-708d9cfc-3803-405d-b1e8-76b32cee2742%22:%91%93}&#8221;]<p>Neboj\u0161e Djukeli\u0107 3<\/p>\n<p>&nbsp;<\/p>[\/et_pb_blurb][et_pb_blurb title=&#8221;Broj telefona&#8221; use_icon=&#8221;on&#8221; font_icon=&#8221;&#xe090;||divi||400&#8243; icon_color=&#8221;#E02B20&#8243; icon_placement=&#8221;left&#8221; content_max_width=&#8221;100%&#8221; _builder_version=&#8221;4.16&#8243; _module_preset=&#8221;344bc1af-019a-4436-916e-103cfef8575f&#8221; header_level=&#8221;h3&#8243; header_font=&#8221;Quicksand|700|||||||&#8221; header_text_color=&#8221;#000000&#8243; header_font_size=&#8221;33px&#8221; header_line_height=&#8221;1.4em&#8221; body_font=&#8221;Quicksand|700|||||||&#8221; body_text_color=&#8221;#000000&#8243; body_font_size=&#8221;23px&#8221; body_line_height=&#8221;1.6em&#8221; animation=&#8221;off&#8221; header_font_size_tablet=&#8221;18px&#8221; header_font_size_phone=&#8221;16px&#8221; header_font_size_last_edited=&#8221;on|phone&#8221; locked=&#8221;off&#8221; global_colors_info=&#8221;{%22gcid-708d9cfc-3803-405d-b1e8-76b32cee2742%22:%91%93}&#8221;]<p>065 122 44 55\u00a0<\/p>[\/et_pb_blurb][\/et_pb_column][et_pb_column type=&#8221;3_5&#8243; _builder_version=&#8221;4.16&#8243; _module_preset=&#8221;default&#8221; background_color=&#8221;#000000&#8243; custom_padding=&#8221;60px|60px|60px|60px|true|true&#8221; custom_padding_tablet=&#8221;40px|40px|40px|40px|true|true&#8221; custom_padding_phone=&#8221;20px|20px|20px|20px|true|true&#8221; custom_padding_last_edited=&#8221;on|phone&#8221; border_radii=&#8221;on|20px|20px|20px|20px&#8221; global_colors_info=&#8221;{}&#8221;][et_pb_contact_form captcha=&#8221;off&#8221; submit_button_text=&#8221;Po\u0161alji&#8221; _builder_version=&#8221;4.16&#8243; _module_preset=&#8221;default&#8221; form_field_background_color=&#8221;RGBA(0,0,0,0)&#8221; form_field_text_color=&#8221;#FFFFFF&#8221; form_field_focus_background_color=&#8221;RGBA(255,255,255,0.2)&#8221; form_field_font=&#8221;Quicksand||||||||&#8221; form_field_font_size=&#8221;16px&#8221; form_field_line_height=&#8221;1.8em&#8221; custom_button=&#8221;on&#8221; button_text_size=&#8221;24px&#8221; button_text_color=&#8221;#8300E9&#8243; button_bg_color=&#8221;#FFEB4D&#8221; button_bg_use_color_gradient=&#8221;on&#8221; button_border_width=&#8221;0px&#8221; button_border_radius=&#8221;30px&#8221; button_font=&#8221;Quicksand|700|||||||&#8221; button_use_icon=&#8221;off&#8221; button_custom_margin=&#8221;10px||||false|false&#8221; button_custom_padding=&#8221;15px|30px|15px|30px|true|true&#8221; button_custom_padding_tablet=&#8221;12px|30px|12px|30px|true|true&#8221; button_custom_padding_phone=&#8221;10px||10px||true|true&#8221; button_custom_padding_last_edited=&#8221;on|desktop&#8221; button_text_size_tablet=&#8221;16px&#8221; button_text_size_phone=&#8221;14px&#8221; button_text_size_last_edited=&#8221;on|phone&#8221; border_radii=&#8221;on|10px|10px|10px|10px&#8221; border_width_all=&#8221;2px&#8221; border_color_all=&#8221;#f8f7f1&#8243; global_colors_info=&#8221;{%22gcid-708d9cfc-3803-405d-b1e8-76b32cee2742%22:%91%93,%22gcid-f1953eae-6502-48f9-b526-6942ee21e5aa%22:%91%93,%22gcid-3220d614-11ef-41f3-b560-a7a4ea239e4a%22:%91%93,%22gcid-36cbb27d-c601-4091-a5c8-a60832ef3623%22:%91%93}&#8221; button_bg_color__hover_enabled=&#8221;on|hover&#8221; button_bg_color__hover=&#8221;#F5CEE6&#8243; button_bg_enable_color__hover=&#8221;on&#8221;][et_pb_contact_field field_id=&#8221;Ime&#8221; field_title=&#8221;Ime&#8221; max_length=&#8221;40&#8243; fullwidth_field=&#8221;on&#8221; _builder_version=&#8221;4.16&#8243; global_colors_info=&#8221;{}&#8221; button_text_size__hover_enabled=&#8221;off&#8221; button_one_text_size__hover_enabled=&#8221;off&#8221; button_two_text_size__hover_enabled=&#8221;off&#8221; button_text_color__hover_enabled=&#8221;off&#8221; button_one_text_color__hover_enabled=&#8221;off&#8221; button_two_text_color__hover_enabled=&#8221;off&#8221; button_border_width__hover_enabled=&#8221;off&#8221; button_one_border_width__hover_enabled=&#8221;off&#8221; button_two_border_width__hover_enabled=&#8221;off&#8221; button_border_color__hover_enabled=&#8221;off&#8221; button_one_border_color__hover_enabled=&#8221;off&#8221; button_two_border_color__hover_enabled=&#8221;off&#8221; button_border_radius__hover_enabled=&#8221;off&#8221; button_one_border_radius__hover_enabled=&#8221;off&#8221; button_two_border_radius__hover_enabled=&#8221;off&#8221; button_letter_spacing__hover_enabled=&#8221;off&#8221; button_one_letter_spacing__hover_enabled=&#8221;off&#8221; button_two_letter_spacing__hover_enabled=&#8221;off&#8221; button_bg_color__hover_enabled=&#8221;off&#8221; button_one_bg_color__hover_enabled=&#8221;off&#8221; button_two_bg_color__hover_enabled=&#8221;off&#8221;][\/et_pb_contact_field][et_pb_contact_field field_id=&#8221;Field_4&#8243; field_title=&#8221;Prezime&#8221; fullwidth_field=&#8221;on&#8221; _builder_version=&#8221;4.16&#8243; _module_preset=&#8221;default&#8221; global_colors_info=&#8221;{}&#8221;][\/et_pb_contact_field][et_pb_contact_field field_id=&#8221;Email&#8221; field_title=&#8221;Email Adresa&#8221; field_type=&#8221;email&#8221; fullwidth_field=&#8221;on&#8221; _builder_version=&#8221;4.16&#8243; global_colors_info=&#8221;{}&#8221; button_text_size__hover_enabled=&#8221;off&#8221; button_one_text_size__hover_enabled=&#8221;off&#8221; button_two_text_size__hover_enabled=&#8221;off&#8221; button_text_color__hover_enabled=&#8221;off&#8221; button_one_text_color__hover_enabled=&#8221;off&#8221; button_two_text_color__hover_enabled=&#8221;off&#8221; button_border_width__hover_enabled=&#8221;off&#8221; button_one_border_width__hover_enabled=&#8221;off&#8221; button_two_border_width__hover_enabled=&#8221;off&#8221; button_border_color__hover_enabled=&#8221;off&#8221; button_one_border_color__hover_enabled=&#8221;off&#8221; button_two_border_color__hover_enabled=&#8221;off&#8221; button_border_radius__hover_enabled=&#8221;off&#8221; button_one_border_radius__hover_enabled=&#8221;off&#8221; button_two_border_radius__hover_enabled=&#8221;off&#8221; button_letter_spacing__hover_enabled=&#8221;off&#8221; button_one_letter_spacing__hover_enabled=&#8221;off&#8221; button_two_letter_spacing__hover_enabled=&#8221;off&#8221; button_bg_color__hover_enabled=&#8221;off&#8221; button_one_bg_color__hover_enabled=&#8221;off&#8221; button_two_bg_color__hover_enabled=&#8221;off&#8221;][\/et_pb_contact_field][et_pb_contact_field field_id=&#8221;Message&#8221; field_title=&#8221;Napi\u0161ite poruku&#8230;&#8221; field_type=&#8221;text&#8221; fullwidth_field=&#8221;on&#8221; _builder_version=&#8221;4.16&#8243; global_colors_info=&#8221;{}&#8221; button_text_size__hover_enabled=&#8221;off&#8221; button_one_text_size__hover_enabled=&#8221;off&#8221; button_two_text_size__hover_enabled=&#8221;off&#8221; button_text_color__hover_enabled=&#8221;off&#8221; button_one_text_color__hover_enabled=&#8221;off&#8221; button_two_text_color__hover_enabled=&#8221;off&#8221; button_border_width__hover_enabled=&#8221;off&#8221; button_one_border_width__hover_enabled=&#8221;off&#8221; button_two_border_width__hover_enabled=&#8221;off&#8221; button_border_color__hover_enabled=&#8221;off&#8221; button_one_border_color__hover_enabled=&#8221;off&#8221; button_two_border_color__hover_enabled=&#8221;off&#8221; button_border_radius__hover_enabled=&#8221;off&#8221; button_one_border_radius__hover_enabled=&#8221;off&#8221; button_two_border_radius__hover_enabled=&#8221;off&#8221; button_letter_spacing__hover_enabled=&#8221;off&#8221; button_one_letter_spacing__hover_enabled=&#8221;off&#8221; button_two_letter_spacing__hover_enabled=&#8221;off&#8221; button_bg_color__hover_enabled=&#8221;off&#8221; button_one_bg_color__hover_enabled=&#8221;off&#8221; button_two_bg_color__hover_enabled=&#8221;off&#8221;][\/et_pb_contact_field][\/et_pb_contact_form][\/et_pb_column][\/et_pb_row][\/et_pb_section][et_pb_section fb_built=&#8221;1&#8243; admin_label=&#8221;Footer&#8221; _builder_version=&#8221;4.16&#8243; _module_preset=&#8221;default&#8221; background_color=&#8221;gcid-36cbb27d-c601-4091-a5c8-a60832ef3623&#8243; custom_padding=&#8221;||||false|false&#8221; saved_tabs=&#8221;all&#8221; locked=&#8221;off&#8221; global_colors_info=&#8221;{%22gcid-36cbb27d-c601-4091-a5c8-a60832ef3623%22:%91%93}&#8221;][et_pb_row column_structure=&#8221;1_2,1_2&#8243; use_custom_gutter=&#8221;on&#8221; gutter_width=&#8221;2&#8243; make_equal=&#8221;on&#8221; _builder_version=&#8221;4.16&#8243; _module_preset=&#8221;default&#8221; width=&#8221;100%&#8221; max_width=&#8221;100%&#8221; global_colors_info=&#8221;{}&#8221;][et_pb_column type=&#8221;1_2&#8243; _builder_version=&#8221;4.16&#8243; _module_preset=&#8221;default&#8221; background_image=&#8221;https:\/\/162.edukovac.xyz\/wp-content\/uploads\/2025\/10\/Matcha-cookies-3050623.1.1.jpg&#8221; custom_padding_tablet=&#8221;180px||180px||true|false&#8221; custom_padding_phone=&#8221;120px||120px||true|false&#8221; custom_padding_last_edited=&#8221;on|phone&#8221; global_colors_info=&#8221;{}&#8221;][et_pb_image _builder_version=&#8221;4.16&#8243; _module_preset=&#8221;default&#8221; global_colors_info=&#8221;{}&#8221;][\/et_pb_image][et_pb_cta title=&#8221;NA\u0160I PROIZVODI&#8221; button_url=&#8221;https:\/\/162.edukovac.xyz\/index.php\/zen-proizvodi\/&#8221; button_text=&#8221;Klikni ovde za Zen proizode&#8221; _builder_version=&#8221;4.16&#8243; _module_preset=&#8221;default&#8221; custom_button=&#8221;on&#8221; button_bg_use_color_gradient=&#8221;on&#8221; animation_style=&#8221;zoom&#8221; link_option_url=&#8221;https:\/\/162.edukovac.xyz\/index.php\/zen-proizvodi\/&#8221; global_colors_info=&#8221;{}&#8221;]<p>Pre\u00a0 nego sto nas kontaktirate, pogledajte jo\u0161 jednom na\u0161u ponudu<\/p>[\/et_pb_cta][\/et_pb_column][et_pb_column type=&#8221;1_2&#8243; _builder_version=&#8221;4.16&#8243; _module_preset=&#8221;default&#8221; background_color=&#8221;#84DBDA&#8221; custom_padding=&#8221;100px|100px|100px|100px|true|true&#8221; custom_padding_tablet=&#8221;80px|80px|80px|80px|true|true&#8221; custom_padding_phone=&#8221;40px|40px|40px|40px|true|true&#8221; custom_padding_last_edited=&#8221;on|phone&#8221; global_colors_info=&#8221;{}&#8221;][et_pb_text _builder_version=&#8221;4.16&#8243; _module_preset=&#8221;33d8ed47-9575-4183-ae48-b1d6c4145db4&#8243; header_2_font=&#8221;Berkshire Swash||||||||&#8221; header_2_text_color=&#8221;#000000&#8243; header_2_font_size=&#8221;60px&#8221; header_2_line_height=&#8221;1.2em&#8221; max_width=&#8221;450px&#8221; max_width_tablet=&#8221;&#8221; max_width_phone=&#8221;&#8221; max_width_last_edited=&#8221;on|phone&#8221; header_2_font_size_tablet=&#8221;32px&#8221; header_2_font_size_phone=&#8221;20px&#8221; header_2_font_size_last_edited=&#8221;on|phone&#8221; locked=&#8221;off&#8221; global_colors_info=&#8221;{}&#8221;]<h2>Pronadji nas na na\u0161oj Instagram stranici \ud83d\udc47\ud83c\udffb\u00a0<\/h2>[\/et_pb_text][et_pb_button button_url=&#8221;https:\/\/www.instagram.com\/zencookies8\/&#8221; url_new_window=&#8221;on&#8221; button_text=&#8221;Instagram profil&#8221; button_alignment=&#8221;center&#8221; _builder_version=&#8221;4.16&#8243; _module_preset=&#8221;default&#8221; custom_button=&#8221;on&#8221; button_text_size=&#8221;25px&#8221; button_text_color=&#8221;#000000&#8243; button_bg_use_color_gradient=&#8221;on&#8221; button_bg_color_gradient_stops=&#8221;#8300e9 0%|#ffffff 100%&#8221; button_bg_color_gradient_start=&#8221;#8300e9&#8243; button_bg_color_gradient_end=&#8221;#ffffff&#8221; button_border_width=&#8221;2px&#8221; button_border_color=&#8221;#000000&#8243; button_border_radius=&#8221;22px&#8221; animation_style=&#8221;roll&#8221; global_colors_info=&#8221;{}&#8221;][\/et_pb_button][\/et_pb_column][\/et_pb_row][\/et_pb_section]\n","protected":false},"excerpt":{"rendered":"<p>Kontaktiraje nasNeboj\u0161e Djukeli\u0107 3 &nbsp;065 122 44 55\u00a0Pre\u00a0 nego sto nas kontaktirate, pogledajte jo\u0161 jednom na\u0161u ponuduPronadji nas na na\u0161oj Instagram stranici \ud83d\udc47\ud83c\udffb\u00a0<\/p>\n","protected":false},"author":1,"featured_media":0,"parent":0,"menu_order":0,"comment_status":"closed","ping_status":"closed","template":"","meta":{"_et_pb_use_builder":"on","_et_pb_old_content":"","_et_gb_content_width":"","footnotes":""},"class_list":["post-138","page","type-page","status-publish","hentry"],"yoast_head":"<!-- This site is optimized with the Yoast SEO plugin v26.2 - https:\/\/yoast.com\/wordpress\/plugins\/seo\/ -->\n<title>Kontakt, Beograd, Naru\u010di svoj omiljeni Zen Cookies proizvod!<\/title>\n<meta name=\"description\" content=\"Kontaktirajte Zen Cookies i poru\u010dite svoje omiljene doma\u0107e, ru\u010dno pravljene kola\u010de. Pi\u0161ite nam za porud\u017ebine i dodatne informacije.\" \/>\n<meta name=\"robots\" content=\"index, follow, max-snippet:-1, max-image-preview:large, max-video-preview:-1\" \/>\n<link rel=\"canonical\" href=\"https:\/\/162.edukovac.xyz\/index.php\/zen-cookies-beograd-kontakt\/\" \/>\n<meta property=\"og:locale\" content=\"en_US\" \/>\n<meta property=\"og:type\" content=\"article\" \/>\n<meta property=\"og:title\" content=\"Kontakt, Beograd, Naru\u010di svoj omiljeni Zen Cookies proizvod!\" \/>\n<meta property=\"og:description\" content=\"Kontaktirajte Zen Cookies i poru\u010dite svoje omiljene doma\u0107e, ru\u010dno pravljene kola\u010de. Pi\u0161ite nam za porud\u017ebine i dodatne informacije.\" \/>\n<meta property=\"og:url\" content=\"https:\/\/162.edukovac.xyz\/index.php\/zen-cookies-beograd-kontakt\/\" \/>\n<meta property=\"og:site_name\" content=\"Zen Cookies - zdravi domaci kola\u010di\" \/>\n<meta property=\"article:modified_time\" content=\"2025-11-03T20:51:15+00:00\" \/>\n<meta name=\"twitter:card\" content=\"summary_large_image\" \/>\n<meta name=\"twitter:label1\" content=\"Est. reading time\" \/>\n\t<meta name=\"twitter:data1\" content=\"1 minute\" \/>\n<script type=\"application\/ld+json\" class=\"yoast-schema-graph\">{\"@context\":\"https:\/\/schema.org\",\"@graph\":[{\"@type\":\"WebPage\",\"@id\":\"https:\/\/162.edukovac.xyz\/index.php\/zen-cookies-beograd-kontakt\/\",\"url\":\"https:\/\/162.edukovac.xyz\/index.php\/zen-cookies-beograd-kontakt\/\",\"name\":\"Kontakt, Beograd, Naru\u010di svoj omiljeni Zen Cookies proizvod!\",\"isPartOf\":{\"@id\":\"https:\/\/162.edukovac.xyz\/#website\"},\"datePublished\":\"2025-10-24T19:29:32+00:00\",\"dateModified\":\"2025-11-03T20:51:15+00:00\",\"description\":\"Kontaktirajte Zen Cookies i poru\u010dite svoje omiljene doma\u0107e, ru\u010dno pravljene kola\u010de. Pi\u0161ite nam za porud\u017ebine i dodatne informacije.\",\"breadcrumb\":{\"@id\":\"https:\/\/162.edukovac.xyz\/index.php\/zen-cookies-beograd-kontakt\/#breadcrumb\"},\"inLanguage\":\"en-US\",\"potentialAction\":[{\"@type\":\"ReadAction\",\"target\":[\"https:\/\/162.edukovac.xyz\/index.php\/zen-cookies-beograd-kontakt\/\"]}]},{\"@type\":\"BreadcrumbList\",\"@id\":\"https:\/\/162.edukovac.xyz\/index.php\/zen-cookies-beograd-kontakt\/#breadcrumb\",\"itemListElement\":[{\"@type\":\"ListItem\",\"position\":1,\"name\":\"Home\",\"item\":\"https:\/\/162.edukovac.xyz\/\"},{\"@type\":\"ListItem\",\"position\":2,\"name\":\"Kontakt\"}]},{\"@type\":\"WebSite\",\"@id\":\"https:\/\/162.edukovac.xyz\/#website\",\"url\":\"https:\/\/162.edukovac.xyz\/\",\"name\":\"Zen Cookies\",\"description\":\"Ru\u010dno pravljeni kola\u010di puni ljubavi\",\"publisher\":{\"@id\":\"https:\/\/162.edukovac.xyz\/#organization\"},\"potentialAction\":[{\"@type\":\"SearchAction\",\"target\":{\"@type\":\"EntryPoint\",\"urlTemplate\":\"https:\/\/162.edukovac.xyz\/?s={search_term_string}\"},\"query-input\":{\"@type\":\"PropertyValueSpecification\",\"valueRequired\":true,\"valueName\":\"search_term_string\"}}],\"inLanguage\":\"en-US\"},{\"@type\":\"Organization\",\"@id\":\"https:\/\/162.edukovac.xyz\/#organization\",\"name\":\"Zen Cookies\",\"url\":\"https:\/\/162.edukovac.xyz\/\",\"logo\":{\"@type\":\"ImageObject\",\"inLanguage\":\"en-US\",\"@id\":\"https:\/\/162.edukovac.xyz\/#\/schema\/logo\/image\/\",\"url\":\"https:\/\/162.edukovac.xyz\/wp-content\/uploads\/2025\/10\/cropped-cbb16db32354587ffae8313566ce7a5a.jpg\",\"contentUrl\":\"https:\/\/162.edukovac.xyz\/wp-content\/uploads\/2025\/10\/cropped-cbb16db32354587ffae8313566ce7a5a.jpg\",\"width\":512,\"height\":512,\"caption\":\"Zen Cookies\"},\"image\":{\"@id\":\"https:\/\/162.edukovac.xyz\/#\/schema\/logo\/image\/\"}}]}<\/script>\n<!-- \/ Yoast SEO plugin. -->","yoast_head_json":{"title":"Kontakt, Beograd, Naru\u010di svoj omiljeni Zen Cookies proizvod!","description":"Kontaktirajte Zen Cookies i poru\u010dite svoje omiljene doma\u0107e, ru\u010dno pravljene kola\u010de. Pi\u0161ite nam za porud\u017ebine i dodatne informacije.","robots":{"index":"index","follow":"follow","max-snippet":"max-snippet:-1","max-image-preview":"max-image-preview:large","max-video-preview":"max-video-preview:-1"},"canonical":"https:\/\/162.edukovac.xyz\/index.php\/zen-cookies-beograd-kontakt\/","og_locale":"en_US","og_type":"article","og_title":"Kontakt, Beograd, Naru\u010di svoj omiljeni Zen Cookies proizvod!","og_description":"Kontaktirajte Zen Cookies i poru\u010dite svoje omiljene doma\u0107e, ru\u010dno pravljene kola\u010de. Pi\u0161ite nam za porud\u017ebine i dodatne informacije.","og_url":"https:\/\/162.edukovac.xyz\/index.php\/zen-cookies-beograd-kontakt\/","og_site_name":"Zen Cookies - zdravi domaci kola\u010di","article_modified_time":"2025-11-03T20:51:15+00:00","twitter_card":"summary_large_image","twitter_misc":{"Est. reading time":"1 minute"},"schema":{"@context":"https:\/\/schema.org","@graph":[{"@type":"WebPage","@id":"https:\/\/162.edukovac.xyz\/index.php\/zen-cookies-beograd-kontakt\/","url":"https:\/\/162.edukovac.xyz\/index.php\/zen-cookies-beograd-kontakt\/","name":"Kontakt, Beograd, Naru\u010di svoj omiljeni Zen Cookies proizvod!","isPartOf":{"@id":"https:\/\/162.edukovac.xyz\/#website"},"datePublished":"2025-10-24T19:29:32+00:00","dateModified":"2025-11-03T20:51:15+00:00","description":"Kontaktirajte Zen Cookies i poru\u010dite svoje omiljene doma\u0107e, ru\u010dno pravljene kola\u010de. Pi\u0161ite nam za porud\u017ebine i dodatne informacije.","breadcrumb":{"@id":"https:\/\/162.edukovac.xyz\/index.php\/zen-cookies-beograd-kontakt\/#breadcrumb"},"inLanguage":"en-US","potentialAction":[{"@type":"ReadAction","target":["https:\/\/162.edukovac.xyz\/index.php\/zen-cookies-beograd-kontakt\/"]}]},{"@type":"BreadcrumbList","@id":"https:\/\/162.edukovac.xyz\/index.php\/zen-cookies-beograd-kontakt\/#breadcrumb","itemListElement":[{"@type":"ListItem","position":1,"name":"Home","item":"https:\/\/162.edukovac.xyz\/"},{"@type":"ListItem","position":2,"name":"Kontakt"}]},{"@type":"WebSite","@id":"https:\/\/162.edukovac.xyz\/#website","url":"https:\/\/162.edukovac.xyz\/","name":"Zen Cookies","description":"Ru\u010dno pravljeni kola\u010di puni ljubavi","publisher":{"@id":"https:\/\/162.edukovac.xyz\/#organization"},"potentialAction":[{"@type":"SearchAction","target":{"@type":"EntryPoint","urlTemplate":"https:\/\/162.edukovac.xyz\/?s={search_term_string}"},"query-input":{"@type":"PropertyValueSpecification","valueRequired":true,"valueName":"search_term_string"}}],"inLanguage":"en-US"},{"@type":"Organization","@id":"https:\/\/162.edukovac.xyz\/#organization","name":"Zen Cookies","url":"https:\/\/162.edukovac.xyz\/","logo":{"@type":"ImageObject","inLanguage":"en-US","@id":"https:\/\/162.edukovac.xyz\/#\/schema\/logo\/image\/","url":"https:\/\/162.edukovac.xyz\/wp-content\/uploads\/2025\/10\/cropped-cbb16db32354587ffae8313566ce7a5a.jpg","contentUrl":"https:\/\/162.edukovac.xyz\/wp-content\/uploads\/2025\/10\/cropped-cbb16db32354587ffae8313566ce7a5a.jpg","width":512,"height":512,"caption":"Zen Cookies"},"image":{"@id":"https:\/\/162.edukovac.xyz\/#\/schema\/logo\/image\/"}}]}},"_links":{"self":[{"href":"https:\/\/162.edukovac.xyz\/index.php\/wp-json\/wp\/v2\/pages\/138","targetHints":{"allow":["GET"]}}],"collection":[{"href":"https:\/\/162.edukovac.xyz\/index.php\/wp-json\/wp\/v2\/pages"}],"about":[{"href":"https:\/\/162.edukovac.xyz\/index.php\/wp-json\/wp\/v2\/types\/page"}],"author":[{"embeddable":true,"href":"https:\/\/162.edukovac.xyz\/index.php\/wp-json\/wp\/v2\/users\/1"}],"replies":[{"embeddable":true,"href":"https:\/\/162.edukovac.xyz\/index.php\/wp-json\/wp\/v2\/comments?post=138"}],"version-history":[{"count":8,"href":"https:\/\/162.edukovac.xyz\/index.php\/wp-json\/wp\/v2\/pages\/138\/revisions"}],"predecessor-version":[{"id":272,"href":"https:\/\/162.edukovac.xyz\/index.php\/wp-json\/wp\/v2\/pages\/138\/revisions\/272"}],"wp:attachment":[{"href":"https:\/\/162.edukovac.xyz\/index.php\/wp-json\/wp\/v2\/media?parent=138"}],"curies":[{"name":"wp","href":"https:\/\/api.w.org\/{rel}","templated":true}]}}